{"id":1398,"date":"2025-02-03T11:44:56","date_gmt":"2025-02-03T11:44:56","guid":{"rendered":"https:\/\/onekeasuites.fabulous.gr\/a-propos-de-nous-one-kea-suites\/"},"modified":"2025-02-16T10:15:42","modified_gmt":"2025-02-16T10:15:42","slug":"a-propos-de-nous-one-kea-suites","status":"publish","type":"page","link":"https:\/\/onekeasuites.com\/fr\/a-propos-de-nous-one-kea-suites\/","title":{"rendered":"\u00c0 propos de nous | One Kea Suites"},"content":{"rendered":"<p>[et_pb_section fb_built=\u00a0\u00bb1&Prime; _builder_version=\u00a0\u00bb4.27.4&Prime; _module_preset=\u00a0\u00bbdefault\u00a0\u00bb background_enable_color=\u00a0\u00bboff\u00a0\u00bb use_background_color_gradient=\u00a0\u00bbon\u00a0\u00bb background_color_gradient_stops=\u00a0\u00bbrgba(10,1,1,0.15) 0%|rgba(10,0,0,0.14) 100%\u00a0\u00bb background_color_gradient_overlays_image=\u00a0\u00bbon\u00a0\u00bb background_image=\u00a0\u00bbhttps:\/\/onekeasuites.com\/wp-content\/uploads\/2025\/02\/about-main.webp\u00a0\u00bb parallax=\u00a0\u00bbon\u00a0\u00bb parallax_method=\u00a0\u00bboff\u00a0\u00bb min_height=\u00a0\u00bb100vh\u00a0\u00bb background_last_edited=\u00a0\u00bbon|phone\u00a0\u00bb background_image_phone=\u00a0\u00bbhttps:\/\/onekeasuites.com\/wp-content\/uploads\/2025\/02\/about-main-mobilewebp.webp\u00a0\u00bb background_enable_image_phone=\u00a0\u00bbon\u00a0\u00bb collapsed=\u00a0\u00bboff\u00a0\u00bb global_colors_info=\u00a0\u00bb{}\u00a0\u00bb][et_pb_row column_structure=\u00a0\u00bb1_3,1_3,1_3&Prime; _builder_version=\u00a0\u00bb4.27.4&Prime; _module_preset=\u00a0\u00bbdefault\u00a0\u00bb positioning=\u00a0\u00bbabsolute\u00a0\u00bb z_index=\u00a0\u00bb500&Prime; width=\u00a0\u00bb100%\u00a0\u00bb max_width=\u00a0\u00bb100%\u00a0\u00bb custom_margin=\u00a0\u00bb0px|0px|0px|0px|false|false\u00a0\u00bb custom_padding=\u00a0\u00bb0px|0px|0px|0px|false|false\u00a0\u00bb global_colors_info=\u00a0\u00bb{}\u00a0\u00bb][et_pb_column type=\u00a0\u00bb1_3&Prime; _builder_version=\u00a0\u00bb4.27.4&Prime; _module_preset=\u00a0\u00bbdefault\u00a0\u00bb global_colors_info=\u00a0\u00bb{}\u00a0\u00bb][\/et_pb_column][et_pb_column type=\u00a0\u00bb1_3&Prime; _builder_version=\u00a0\u00bb4.27.4&Prime; _module_preset=\u00a0\u00bbdefault\u00a0\u00bb global_colors_info=\u00a0\u00bb{}\u00a0\u00bb][et_pb_image src=\u00a0\u00bbhttps:\/\/onekeasuites.com\/wp-content\/uploads\/2024\/12\/logo_onekea.png\u00a0\u00bb title_text=\u00a0\u00bblogo_onekea\u00a0\u00bb show_bottom_space=\u00a0\u00bboff\u00a0\u00bb align=\u00a0\u00bbcenter\u00a0\u00bb _builder_version=\u00a0\u00bb4.27.4&Prime; _module_preset=\u00a0\u00bbdefault\u00a0\u00bb width=\u00a0\u00bb150px\u00a0\u00bb max_width=\u00a0\u00bb150px\u00a0\u00bb custom_margin=\u00a0\u00bb25px||||false|false\u00a0\u00bb animation_style=\u00a0\u00bbfade\u00a0\u00bb global_colors_info=\u00a0\u00bb{}\u00a0\u00bb][\/et_pb_image][\/et_pb_column][et_pb_column type=\u00a0\u00bb1_3&Prime; _builder_version=\u00a0\u00bb4.27.4&Prime; _module_preset=\u00a0\u00bbdefault\u00a0\u00bb global_colors_info=\u00a0\u00bb{}\u00a0\u00bb][\/et_pb_column][\/et_pb_row][et_pb_row _builder_version=\u00a0\u00bb4.27.4&Prime; _module_preset=\u00a0\u00bbdefault\u00a0\u00bb width=\u00a0\u00bb100%\u00a0\u00bb max_width=\u00a0\u00bb100%\u00a0\u00bb min_height=\u00a0\u00bb100vh\u00a0\u00bb global_colors_info=\u00a0\u00bb{}\u00a0\u00bb][et_pb_column type=\u00a0\u00bb4_4&Prime; _builder_version=\u00a0\u00bb4.27.4&Prime; _module_preset=\u00a0\u00bbdefault\u00a0\u00bb global_colors_info=\u00a0\u00bb{}\u00a0\u00bb][et_pb_text _builder_version=\u00a0\u00bb4.27.4&Prime; _module_preset=\u00a0\u00bbdefault\u00a0\u00bb text_font=\u00a0\u00bbGothamLight|300|||||||\u00a0\u00bb text_text_color=\u00a0\u00bb#FFFFFF\u00a0\u00bb text_font_size=\u00a0\u00bb48px\u00a0\u00bb text_letter_spacing=\u00a0\u00bb29px\u00a0\u00bb text_line_height=\u00a0\u00bb1em\u00a0\u00bb text_orientation=\u00a0\u00bbcenter\u00a0\u00bb custom_margin=\u00a0\u00bb32vh||||false|false\u00a0\u00bb custom_margin_tablet=\u00a0\u00bb22vh||||false|false\u00a0\u00bb custom_margin_phone=\u00a0\u00bb31vh||||false|false\u00a0\u00bb custom_margin_last_edited=\u00a0\u00bbon|phone\u00a0\u00bb animation_style=\u00a0\u00bbfade\u00a0\u00bb animation_duration=\u00a0\u00bb1500ms\u00a0\u00bb text_font_size_tablet=\u00a0\u00bb32px\u00a0\u00bb text_font_size_phone=\u00a0\u00bb32px\u00a0\u00bb text_font_size_last_edited=\u00a0\u00bbon|phone\u00a0\u00bb text_letter_spacing_tablet=\u00a0\u00bb29px\u00a0\u00bb text_letter_spacing_phone=\u00a0\u00bb16px\u00a0\u00bb text_letter_spacing_last_edited=\u00a0\u00bbon|phone\u00a0\u00bb text_line_height_tablet=\u00a0\u00bb1em\u00a0\u00bb text_line_height_phone=\u00a0\u00bb1em\u00a0\u00bb text_line_height_last_edited=\u00a0\u00bbon|desktop\u00a0\u00bb global_colors_info=\u00a0\u00bb{}\u00a0\u00bb]<\/p>\n<p>\u00c0 PROPOS DE NOUS<\/p>\n<p>[\/et_pb_text][\/et_pb_column][\/et_pb_row][\/et_pb_section][et_pb_section fb_built=\u00a0\u00bb1&Prime; admin_label=\u00a0\u00bbtext\u00a0\u00bb _builder_version=\u00a0\u00bb4.27.4&Prime; _module_preset=\u00a0\u00bbdefault\u00a0\u00bb background_enable_color=\u00a0\u00bboff\u00a0\u00bb min_height=\u00a0\u00bb100vh\u00a0\u00bb custom_margin=\u00a0\u00bb0px|0px|0px|0px|false|false\u00a0\u00bb custom_padding=\u00a0\u00bb0px|0px|0px|0px|false|false\u00a0\u00bb collapsed=\u00a0\u00bboff\u00a0\u00bb global_colors_info=\u00a0\u00bb{}\u00a0\u00bb][et_pb_row column_structure=\u00a0\u00bb1_4,1_4,1_2&Prime; use_custom_gutter=\u00a0\u00bbon\u00a0\u00bb gutter_width=\u00a0\u00bb1&Prime; make_equal=\u00a0\u00bbon\u00a0\u00bb _builder_version=\u00a0\u00bb4.27.4&Prime; _module_preset=\u00a0\u00bbdefault\u00a0\u00bb background_enable_video_mp4=\u00a0\u00bboff\u00a0\u00bb width=\u00a0\u00bb100%\u00a0\u00bb max_width=\u00a0\u00bb100%\u00a0\u00bb min_height=\u00a0\u00bb100vh\u00a0\u00bb custom_margin=\u00a0\u00bb0px|0px|0px|0px|false|false\u00a0\u00bb custom_padding=\u00a0\u00bb0px|0px|0px|0px|false|false\u00a0\u00bb global_colors_info=\u00a0\u00bb{}\u00a0\u00bb][et_pb_column type=\u00a0\u00bb1_4&Prime; _builder_version=\u00a0\u00bb4.27.4&Prime; _module_preset=\u00a0\u00bbdefault\u00a0\u00bb background_color=\u00a0\u00bb#c5bbad\u00a0\u00bb background_video_mp4=\u00a0\u00bbhttps:\/\/onekeasuites.com\/wp-content\/uploads\/2025\/02\/IMG_4186.mp4&Prime; animation_style=\u00a0\u00bbslide\u00a0\u00bb animation_direction=\u00a0\u00bbleft\u00a0\u00bb animation_duration=\u00a0\u00bb1250ms\u00a0\u00bb global_colors_info=\u00a0\u00bb{}\u00a0\u00bb][\/et_pb_column][et_pb_column type=\u00a0\u00bb1_4&Prime; _builder_version=\u00a0\u00bb4.27.4&Prime; _module_preset=\u00a0\u00bbdefault\u00a0\u00bb background_enable_color=\u00a0\u00bboff\u00a0\u00bb global_colors_info=\u00a0\u00bb{}\u00a0\u00bb][et_pb_text _builder_version=\u00a0\u00bb4.27.4&Prime; _module_preset=\u00a0\u00bbdefault\u00a0\u00bb text_font=\u00a0\u00bbGothamThin||||||||\u00a0\u00bb text_text_color=\u00a0\u00bb#70634b\u00a0\u00bb text_font_size=\u00a0\u00bb50px\u00a0\u00bb text_line_height=\u00a0\u00bb0.8em\u00a0\u00bb custom_margin=\u00a0\u00bb29%||||false|false\u00a0\u00bb custom_padding=\u00a0\u00bb|10%||10%|false|true\u00a0\u00bb animation_style=\u00a0\u00bbfade\u00a0\u00bb animation_duration=\u00a0\u00bb1500ms\u00a0\u00bb animation_delay=\u00a0\u00bb500ms\u00a0\u00bb global_colors_info=\u00a0\u00bb{}\u00a0\u00bb]<\/p>\n<p>Bienvenue dans notre boutique-retraite<\/p>\n<p>[\/et_pb_text][et_pb_text _builder_version=\u00a0\u00bb4.27.4&Prime; _module_preset=\u00a0\u00bbdefault\u00a0\u00bb text_font=\u00a0\u00bbGothamLight|300|||||||\u00a0\u00bb text_text_color=\u00a0\u00bb#70634b\u00a0\u00bb text_font_size=\u00a0\u00bb15px\u00a0\u00bb text_line_height=\u00a0\u00bb1.4em\u00a0\u00bb header_2_text_color=\u00a0\u00bb#70634b\u00a0\u00bb header_2_line_height=\u00a0\u00bb1.1em\u00a0\u00bb custom_margin=\u00a0\u00bb20%||||false|false\u00a0\u00bb custom_padding=\u00a0\u00bb|10%||10%|false|true\u00a0\u00bb animation_style=\u00a0\u00bbfade\u00a0\u00bb animation_duration=\u00a0\u00bb1500ms\u00a0\u00bb animation_delay=\u00a0\u00bb500ms\u00a0\u00bb global_colors_info=\u00a0\u00bb{}\u00a0\u00bb]<\/p>\n<h2>Nich\u00e9 au c\u0153ur d&rsquo;un paysage grec idyllique, notre projet est un m\u00e9lange harmonieux de tradition locale et d&rsquo;\u00e9l\u00e9gance moderne. Le complexe se compose de quatre suites de charme et d&rsquo;une r\u00e9sidence principale, toutes con\u00e7ues avec soin pour offrir une exp\u00e9rience in\u00e9gal\u00e9e de confort et de s\u00e9r\u00e9nit\u00e9. Construite avec des pierres d&rsquo;origine locale, chaque structure s&rsquo;int\u00e8gre parfaitement dans son environnement naturel, cr\u00e9ant ainsi un lieu de retraite paisible o\u00f9 la d\u00e9tente vient sans effort.<\/h2>\n<p>[\/et_pb_text][\/et_pb_column][et_pb_column type=\u00a0\u00bb1_2&Prime; _builder_version=\u00a0\u00bb4.27.4&Prime; _module_preset=\u00a0\u00bbdefault\u00a0\u00bb background_enable_color=\u00a0\u00bboff\u00a0\u00bb global_colors_info=\u00a0\u00bb{}\u00a0\u00bb][et_pb_image src=\u00a0\u00bbhttps:\/\/onekeasuites.com\/wp-content\/uploads\/2025\/02\/about-main-sub1.webp\u00a0\u00bb title_text=\u00a0\u00bbabout-main-sub1-mob\u00a0\u00bb src_tablet=\u00a0\u00bbhttps:\/\/onekeasuites.com\/wp-content\/uploads\/2025\/02\/about-main-sub1.webp\u00a0\u00bb src_phone=\u00a0\u00bbhttps:\/\/onekeasuites.com\/wp-content\/uploads\/2025\/02\/about-main-sub1-mob.webp\u00a0\u00bb src_last_edited=\u00a0\u00bbon|phone\u00a0\u00bb _builder_version=\u00a0\u00bb4.27.4&Prime; _module_preset=\u00a0\u00bbdefault\u00a0\u00bb custom_margin=\u00a0\u00bb107px||||false|false\u00a0\u00bb custom_margin_tablet=\u00a0\u00bb107px||||false|false\u00a0\u00bb custom_margin_phone=\u00a0\u00bb32px||||false|false\u00a0\u00bb custom_margin_last_edited=\u00a0\u00bbon|phone\u00a0\u00bb animation_style=\u00a0\u00bbslide\u00a0\u00bb animation_direction=\u00a0\u00bbright\u00a0\u00bb animation_duration=\u00a0\u00bb1400ms\u00a0\u00bb global_colors_info=\u00a0\u00bb{}\u00a0\u00bb][\/et_pb_image][et_pb_image src=\u00a0\u00bbhttps:\/\/onekeasuites.com\/wp-content\/uploads\/2025\/02\/about-main-sub2.webp\u00a0\u00bb title_text=\u00a0\u00bbabout-main-sub2&Prime; align=\u00a0\u00bbcenter\u00a0\u00bb _builder_version=\u00a0\u00bb4.27.4&Prime; _module_preset=\u00a0\u00bbdefault\u00a0\u00bb width=\u00a0\u00bb46%\u00a0\u00bb width_tablet=\u00a0\u00bb46%\u00a0\u00bb width_phone=\u00a0\u00bb58%\u00a0\u00bb width_last_edited=\u00a0\u00bbon|phone\u00a0\u00bb custom_margin=\u00a0\u00bb-84px||||false|false\u00a0\u00bb custom_margin_tablet=\u00a0\u00bb-84px||||false|false\u00a0\u00bb custom_margin_phone=\u00a0\u00bb-42px||||false|false\u00a0\u00bb custom_margin_last_edited=\u00a0\u00bbon|phone\u00a0\u00bb animation_style=\u00a0\u00bbfade\u00a0\u00bb box_shadow_style=\u00a0\u00bbpreset1&Prime; box_shadow_blur=\u00a0\u00bb35px\u00a0\u00bb box_shadow_spread=\u00a0\u00bb19px\u00a0\u00bb box_shadow_color=\u00a0\u00bbrgba(0,0,0,0.08)\u00a0\u00bb global_colors_info=\u00a0\u00bb{}\u00a0\u00bb][\/et_pb_image][\/et_pb_column][\/et_pb_row][\/et_pb_section][et_pb_section fb_built=\u00a0\u00bb1&Prime; admin_label=\u00a0\u00bbtext\u00a0\u00bb _builder_version=\u00a0\u00bb4.27.4&Prime; _module_preset=\u00a0\u00bbdefault\u00a0\u00bb background_enable_color=\u00a0\u00bboff\u00a0\u00bb min_height=\u00a0\u00bb100vh\u00a0\u00bb custom_margin=\u00a0\u00bb54px|0px|0px|0px|false|false\u00a0\u00bb custom_padding=\u00a0\u00bb0px|0px|0px|0px|false|false\u00a0\u00bb collapsed=\u00a0\u00bboff\u00a0\u00bb global_colors_info=\u00a0\u00bb{}\u00a0\u00bb][et_pb_row column_structure=\u00a0\u00bb1_2,1_4,1_4&Prime; use_custom_gutter=\u00a0\u00bbon\u00a0\u00bb gutter_width=\u00a0\u00bb1&Prime; make_equal=\u00a0\u00bbon\u00a0\u00bb _builder_version=\u00a0\u00bb4.27.4&Prime; _module_preset=\u00a0\u00bbdefault\u00a0\u00bb background_enable_video_mp4=\u00a0\u00bboff\u00a0\u00bb width=\u00a0\u00bb100%\u00a0\u00bb max_width=\u00a0\u00bb100%\u00a0\u00bb min_height=\u00a0\u00bb100vh\u00a0\u00bb custom_margin=\u00a0\u00bb0px|0px|0px|0px|false|false\u00a0\u00bb custom_padding=\u00a0\u00bb0px|0px|0px|0px|false|false\u00a0\u00bb global_colors_info=\u00a0\u00bb{}\u00a0\u00bb][et_pb_column type=\u00a0\u00bb1_2&Prime; _builder_version=\u00a0\u00bb4.27.4&Prime; _module_preset=\u00a0\u00bbdefault\u00a0\u00bb background_enable_color=\u00a0\u00bboff\u00a0\u00bb global_colors_info=\u00a0\u00bb{}\u00a0\u00bb][et_pb_text disabled_on=\u00a0\u00bboff|on|on\u00a0\u00bb _builder_version=\u00a0\u00bb4.27.4&Prime; _module_preset=\u00a0\u00bbdefault\u00a0\u00bb text_font=\u00a0\u00bbGothamLight|300|||||||\u00a0\u00bb text_text_color=\u00a0\u00bb#70634b\u00a0\u00bb text_font_size=\u00a0\u00bb18px\u00a0\u00bb text_line_height=\u00a0\u00bb1.4em\u00a0\u00bb header_2_text_color=\u00a0\u00bb#70634b\u00a0\u00bb header_2_line_height=\u00a0\u00bb1.1em\u00a0\u00bb custom_margin=\u00a0\u00bb20%||||false|false\u00a0\u00bb custom_padding=\u00a0\u00bb|10%||10%|false|true\u00a0\u00bb animation_style=\u00a0\u00bbfade\u00a0\u00bb animation_duration=\u00a0\u00bb1500ms\u00a0\u00bb animation_delay=\u00a0\u00bb500ms\u00a0\u00bb global_colors_info=\u00a0\u00bb{}\u00a0\u00bb]<\/p>\n<p>En tant que voyageurs passionn\u00e9s, nous comprenons la v\u00e9ritable signification d&rsquo;une escapade parfaite, o\u00f9 la qualit\u00e9, le luxe et la conception r\u00e9fl\u00e9chie s&rsquo;unissent pour cr\u00e9er une exp\u00e9rience unique et inoubliable. Que vous recherchiez la d\u00e9tente totale, l&rsquo;aventure ou l&rsquo;exploration culturelle, notre retraite de charme offre un cadre o\u00f9 vous pouvez vous sentir compl\u00e8tement \u00e0 l&rsquo;aise, embrass\u00e9 par la beaut\u00e9 de la nature et la chaleur de l&rsquo;hospitalit\u00e9 grecque.<br \/>Pour agr\u00e9menter votre s\u00e9jour, nous sommes toujours disponibles pour vous recommander des exp\u00e9riences locales, des activit\u00e9s et des joyaux cach\u00e9s. Qu&rsquo;il s&rsquo;agisse d&rsquo;explorer les paysages \u00e0 couper le souffle de l&rsquo;\u00eele, de savourer la meilleure cuisine locale ou d&#8217;embarquer pour une excursion priv\u00e9e, nous serions ravis de vous proposer des exp\u00e9riences personnalis\u00e9es qui rendront votre s\u00e9jour vraiment exceptionnel.<\/p>\n<p> [\/et_pb_text][et_pb_image src=\u00a0\u00bbhttps:\/\/onekeasuites.com\/wp-content\/uploads\/2025\/02\/about-main-sub4.webp\u00a0\u00bb title_text=\u00a0\u00bbabout-main-sub4-mob\u00a0\u00bb src_tablet=\u00a0\u00bbhttps:\/\/onekeasuites.com\/wp-content\/uploads\/2025\/02\/about-main-sub4.webp\u00a0\u00bb src_phone=\u00a0\u00bbhttps:\/\/onekeasuites.com\/wp-content\/uploads\/2025\/02\/about-main-sub4-mob.webp\u00a0\u00bb src_last_edited=\u00a0\u00bbon|phone\u00a0\u00bb _builder_version=\u00a0\u00bb4.27.4&Prime; _module_preset=\u00a0\u00bbdefault\u00a0\u00bb custom_margin=\u00a0\u00bb107px||||false|false\u00a0\u00bb animation_style=\u00a0\u00bbslide\u00a0\u00bb animation_direction=\u00a0\u00bbleft\u00a0\u00bb animation_duration=\u00a0\u00bb1400ms\u00a0\u00bb global_colors_info=\u00a0\u00bb{}\u00a0\u00bb][\/et_pb_image][et_pb_image src=\u00a0\u00bbhttps:\/\/onekeasuites.com\/wp-content\/uploads\/2025\/02\/about-main-sub3.webp\u00a0\u00bb title_text=\u00a0\u00bbabout-main-sub3&Prime; align=\u00a0\u00bbcenter\u00a0\u00bb _builder_version=\u00a0\u00bb4.27.4&Prime; _module_preset=\u00a0\u00bbdefault\u00a0\u00bb width=\u00a0\u00bb75%\u00a0\u00bb width_tablet=\u00a0\u00bb75%\u00a0\u00bb width_phone=\u00a0\u00bb70%\u00a0\u00bb width_last_edited=\u00a0\u00bbon|phone\u00a0\u00bb custom_margin=\u00a0\u00bb-84px||||false|false\u00a0\u00bb animation_style=\u00a0\u00bbfade\u00a0\u00bb box_shadow_style=\u00a0\u00bbpreset1&Prime; box_shadow_blur=\u00a0\u00bb35px\u00a0\u00bb box_shadow_spread=\u00a0\u00bb19px\u00a0\u00bb box_shadow_color=\u00a0\u00bbrgba(0,0,0,0.08)\u00a0\u00bb global_colors_info=\u00a0\u00bb{}\u00a0\u00bb][\/et_pb_image][\/et_pb_column][et_pb_column type=\u00a0\u00bb1_4&Prime; _builder_version=\u00a0\u00bb4.27.4&Prime; _module_preset=\u00a0\u00bbdefault\u00a0\u00bb background_enable_color=\u00a0\u00bboff\u00a0\u00bb global_colors_info=\u00a0\u00bb{}\u00a0\u00bb][et_pb_text disabled_on=\u00a0\u00bbon|off|off\u00a0\u00bb _builder_version=\u00a0\u00bb4.27.4&Prime; _module_preset=\u00a0\u00bbdefault\u00a0\u00bb text_font=\u00a0\u00bbGothamLight|300|||||||\u00a0\u00bb text_text_color=\u00a0\u00bb#70634b\u00a0\u00bb text_font_size=\u00a0\u00bb18px\u00a0\u00bb text_line_height=\u00a0\u00bb1.4em\u00a0\u00bb header_2_text_color=\u00a0\u00bb#70634b\u00a0\u00bb header_2_line_height=\u00a0\u00bb1.1em\u00a0\u00bb custom_margin=\u00a0\u00bb20%||||false|false\u00a0\u00bb custom_padding=\u00a0\u00bb|10%||10%|false|true\u00a0\u00bb animation_style=\u00a0\u00bbfade\u00a0\u00bb animation_duration=\u00a0\u00bb1500ms\u00a0\u00bb animation_delay=\u00a0\u00bb500ms\u00a0\u00bb global_colors_info=\u00a0\u00bb{}\u00a0\u00bb]<\/p>\n<p>En tant que voyageurs passionn\u00e9s, nous comprenons la v\u00e9ritable signification d&rsquo;une escapade parfaite, o\u00f9 la qualit\u00e9, le luxe et la conception r\u00e9fl\u00e9chie s&rsquo;unissent pour cr\u00e9er une exp\u00e9rience unique et inoubliable. Que vous recherchiez la d\u00e9tente totale, l&rsquo;aventure ou l&rsquo;exploration culturelle, notre retraite de charme offre un cadre o\u00f9 vous pouvez vous sentir compl\u00e8tement \u00e0 l&rsquo;aise, embrass\u00e9 par la beaut\u00e9 de la nature et la chaleur de l&rsquo;hospitalit\u00e9 grecque.<br \/>Pour agr\u00e9menter votre s\u00e9jour, nous sommes toujours disponibles pour vous recommander des exp\u00e9riences locales, des activit\u00e9s et des joyaux cach\u00e9s. Qu&rsquo;il s&rsquo;agisse d&rsquo;explorer les paysages \u00e0 couper le souffle de l&rsquo;\u00eele, de savourer la meilleure cuisine locale ou d&#8217;embarquer pour une excursion priv\u00e9e, nous serions ravis de vous proposer des exp\u00e9riences personnalis\u00e9es qui rendront votre s\u00e9jour vraiment exceptionnel.<\/p>\n<p> [\/et_pb_text][\/et_pb_column][et_pb_column type=\u00a0\u00bb1_4&Prime; _builder_version=\u00a0\u00bb4.27.4&Prime; _module_preset=\u00a0\u00bbdefault\u00a0\u00bb background_color=\u00a0\u00bb#c5bbad\u00a0\u00bb background_video_mp4=\u00a0\u00bbhttps:\/\/onekeasuites.com\/wp-content\/uploads\/2025\/02\/IMG_3878.mp4&Prime; animation_style=\u00a0\u00bbslide\u00a0\u00bb animation_direction=\u00a0\u00bbright\u00a0\u00bb animation_duration=\u00a0\u00bb1250ms\u00a0\u00bb global_colors_info=\u00a0\u00bb{}\u00a0\u00bb][\/et_pb_column][\/et_pb_row][et_pb_row _builder_version=\u00a0\u00bb4.27.4&Prime; _module_preset=\u00a0\u00bbdefault\u00a0\u00bb global_colors_info=\u00a0\u00bb{}\u00a0\u00bb][et_pb_column type=\u00a0\u00bb4_4&Prime; _builder_version=\u00a0\u00bb4.27.4&Prime; _module_preset=\u00a0\u00bbdefault\u00a0\u00bb global_colors_info=\u00a0\u00bb{}\u00a0\u00bb][et_pb_button button_url=\u00a0\u00bb\/fr\/sentiment-one-kea-suites\/\u00a0\u00bb button_text=\u00a0\u00bbD\u00c9COUVREZ L&#039;AMBIANCE DES SUITES ONE KEA\u00a0\u00bb button_alignment=\u00a0\u00bbcenter\u00a0\u00bb _builder_version=\u00a0\u00bb4.27.4&Prime; _module_preset=\u00a0\u00bbdefault\u00a0\u00bb custom_button=\u00a0\u00bbon\u00a0\u00bb button_text_size=\u00a0\u00bb13px\u00a0\u00bb button_text_color=\u00a0\u00bbrgba(255,255,255,0.8)\u00a0\u00bb button_bg_color=\u00a0\u00bb#918163&Prime; button_border_width=\u00a0\u00bb0px\u00a0\u00bb button_border_color=\u00a0\u00bb#FFFFFF\u00a0\u00bb button_letter_spacing=\u00a0\u00bb6px\u00a0\u00bb button_font=\u00a0\u00bbGothamBook|||||||#FFFFFF|\u00a0\u00bb custom_margin=\u00a0\u00bb48px||||false|false\u00a0\u00bb custom_margin_tablet=\u00a0\u00bb75px||||false|false\u00a0\u00bb custom_margin_phone=\u00a0\u00bb75px||150px||false|false\u00a0\u00bb custom_margin_last_edited=\u00a0\u00bbon|phone\u00a0\u00bb custom_padding=\u00a0\u00bb15px|24px|13px|24px|false|false\u00a0\u00bb animation_style=\u00a0\u00bbfade\u00a0\u00bb scroll_scaling_enable=\u00a0\u00bbon\u00a0\u00bb scroll_scaling=\u00a0\u00bb0|50|50|100|70|100|100%\u00a0\u00bb locked=\u00a0\u00bboff\u00a0\u00bb global_colors_info=\u00a0\u00bb{}\u00a0\u00bb button_letter_spacing__hover_enabled=\u00a0\u00bboff|desktop\u00a0\u00bb button_letter_spacing__hover=\u00a0\u00bb23px\u00a0\u00bb button_bg_color__hover_enabled=\u00a0\u00bbon|hover\u00a0\u00bb button_bg_color__hover=\u00a0\u00bbrgba(145,129,99,0.8)\u00a0\u00bb button_bg_enable_color__hover=\u00a0\u00bbon\u00a0\u00bb][\/et_pb_button][\/et_pb_column][\/et_pb_row][\/et_pb_section]<\/p>\n","protected":false},"excerpt":{"rendered":"<p>\u00c0 PROPOS DE NOUSBienvenue dans notre boutique-retraiteNich\u00e9 au c\u0153ur d&rsquo;un paysage grec idyllique, notre projet est un m\u00e9lange harmonieux de tradition locale et d&rsquo;\u00e9l\u00e9gance moderne. Le complexe se compose de quatre suites de charme et d&rsquo;une r\u00e9sidence principale, toutes con\u00e7ues avec soin pour offrir une exp\u00e9rience in\u00e9gal\u00e9e de confort et de s\u00e9r\u00e9nit\u00e9. Construite avec des [&hellip;]<\/p>\n","protected":false},"author":1,"featured_media":1273,"parent":0,"menu_order":0,"comment_status":"closed","ping_status":"closed","template":"","meta":{"_et_pb_use_builder":"on","_et_pb_old_content":"","_et_gb_content_width":"","footnotes":""},"class_list":["post-1398","page","type-page","status-publish","has-post-thumbnail","hentry"],"_links":{"self":[{"href":"https:\/\/onekeasuites.com\/fr\/wp-json\/wp\/v2\/pages\/1398","targetHints":{"allow":["GET"]}}],"collection":[{"href":"https:\/\/onekeasuites.com\/fr\/wp-json\/wp\/v2\/pages"}],"about":[{"href":"https:\/\/onekeasuites.com\/fr\/wp-json\/wp\/v2\/types\/page"}],"author":[{"embeddable":true,"href":"https:\/\/onekeasuites.com\/fr\/wp-json\/wp\/v2\/users\/1"}],"replies":[{"embeddable":true,"href":"https:\/\/onekeasuites.com\/fr\/wp-json\/wp\/v2\/comments?post=1398"}],"version-history":[{"count":4,"href":"https:\/\/onekeasuites.com\/fr\/wp-json\/wp\/v2\/pages\/1398\/revisions"}],"predecessor-version":[{"id":1467,"href":"https:\/\/onekeasuites.com\/fr\/wp-json\/wp\/v2\/pages\/1398\/revisions\/1467"}],"wp:featuredmedia":[{"embeddable":true,"href":"https:\/\/onekeasuites.com\/fr\/wp-json\/wp\/v2\/media\/1273"}],"wp:attachment":[{"href":"https:\/\/onekeasuites.com\/fr\/wp-json\/wp\/v2\/media?parent=1398"}],"curies":[{"name":"wp","href":"https:\/\/api.w.org\/{rel}","templated":true}]}}